{"id":1320,"date":"2021-11-21T15:14:41","date_gmt":"2021-11-21T15:14:41","guid":{"rendered":"https:\/\/kopf-landmaschinen.com\/services"},"modified":"2026-03-03T15:46:46","modified_gmt":"2026-03-03T15:46:46","slug":"gebrauchtmaschinen","status":"publish","type":"page","link":"https:\/\/kopf-landmaschinen.com\/en\/gebrauchtmaschinen","title":{"rendered":"Used machines"},"content":{"rendered":"<div data-elementor-type=\"wp-page\" data-elementor-id=\"1320\" class=\"elementor elementor-1320\">\n\t\t\t\t\t\t<section class=\"elementor-section elementor-top-section elementor-element elementor-element-5b4d3d77 elementor-section-boxed elementor-section-height-default elementor-section-height-default\" data-id=\"5b4d3d77\" data-element_type=\"section\" data-e-type=\"section\" data-settings=\"{&quot;background_background&quot;:&quot;classic&quot;}\">\n\t\t\t\t\t\t\t<div class=\"elementor-background-overlay\"><\/div>\n\t\t\t\t\t\t\t<div class=\"elementor-container elementor-column-gap-default\">\n\t\t\t\t\t<div class=\"elementor-column elementor-col-100 elementor-top-column elementor-element elementor-element-17a98bb1\" data-id=\"17a98bb1\" data-element_type=\"column\" data-e-type=\"column\">\n\t\t\t<div class=\"elementor-widget-wrap elementor-element-populated\">\n\t\t\t\t\t\t<div class=\"elementor-element elementor-element-41332b20 elementor-widget elementor-widget-heading\" data-id=\"41332b20\" data-element_type=\"widget\" data-e-type=\"widget\" data-widget_type=\"heading.default\">\n\t\t\t\t<div class=\"elementor-widget-container\">\n\t\t\t\t\t<h2 class=\"elementor-heading-title elementor-size-default\">Used machines<\/h2>\t\t\t\t<\/div>\n\t\t\t\t<\/div>\n\t\t\t\t\t<\/div>\n\t\t<\/div>\n\t\t\t\t\t<\/div>\n\t\t<\/section>\n\t\t\t\t<section class=\"elementor-section elementor-top-section elementor-element elementor-element-436d0605 elementor-section-boxed elementor-section-height-default elementor-section-height-default\" data-id=\"436d0605\" data-element_type=\"section\" data-e-type=\"section\">\n\t\t\t\t\t\t<div class=\"elementor-container elementor-column-gap-default\">\n\t\t\t\t\t<div class=\"elementor-column elementor-col-100 elementor-top-column elementor-element elementor-element-57694da4\" data-id=\"57694da4\" data-element_type=\"column\" data-e-type=\"column\">\n\t\t\t<div class=\"elementor-widget-wrap elementor-element-populated\">\n\t\t\t\t\t\t<div class=\"elementor-element elementor-element-44bcb00 elementor-widget elementor-widget-spacer\" data-id=\"44bcb00\" data-element_type=\"widget\" data-e-type=\"widget\" data-widget_type=\"spacer.default\">\n\t\t\t\t<div class=\"elementor-widget-container\">\n\t\t\t\t\t\t\t<div class=\"elementor-spacer\">\n\t\t\t<div class=\"elementor-spacer-inner\"><\/div>\n\t\t<\/div>\n\t\t\t\t\t\t<\/div>\n\t\t\t\t<\/div>\n\t\t\t\t<div class=\"elementor-element elementor-element-274c794f elementor-widget elementor-widget-text-editor\" data-id=\"274c794f\" data-element_type=\"widget\" data-e-type=\"widget\" data-widget_type=\"text-editor.default\">\n\t\t\t\t<div class=\"elementor-widget-container\">\n\t\t\t\t\t\t\t\t\t<p>At a glance<\/p>\t\t\t\t\t\t\t\t<\/div>\n\t\t\t\t<\/div>\n\t\t\t\t<div class=\"elementor-element elementor-element-c3ccfd2 elementor-widget elementor-widget-heading\" data-id=\"c3ccfd2\" data-element_type=\"widget\" data-e-type=\"widget\" data-widget_type=\"heading.default\">\n\t\t\t\t<div class=\"elementor-widget-container\">\n\t\t\t\t\t<h2 class=\"elementor-heading-title elementor-size-default\">Our used machines <img decoding=\"async\" role=\"img\" class=\"emoji\" alt=\"\ud83d\ude9c\" src=\"https:\/\/s.w.org\/images\/core\/emoji\/17.0.2\/svg\/1f69c.svg\"><img decoding=\"async\" role=\"img\" class=\"emoji\" alt=\"\ud83d\udd27\" src=\"https:\/\/s.w.org\/images\/core\/emoji\/17.0.2\/svg\/1f527.svg\"><\/h2>\t\t\t\t<\/div>\n\t\t\t\t<\/div>\n\t\t\t\t<div class=\"elementor-element elementor-element-c498fd6 elementor-widget elementor-widget-spacer\" data-id=\"c498fd6\" data-element_type=\"widget\" data-e-type=\"widget\" data-widget_type=\"spacer.default\">\n\t\t\t\t<div class=\"elementor-widget-container\">\n\t\t\t\t\t\t\t<div class=\"elementor-spacer\">\n\t\t\t<div class=\"elementor-spacer-inner\"><\/div>\n\t\t<\/div>\n\t\t\t\t\t\t<\/div>\n\t\t\t\t<\/div>\n\t\t\t\t\t<\/div>\n\t\t<\/div>\n\t\t\t\t\t<\/div>\n\t\t<\/section>\n\t\t\t\t<section class=\"elementor-section elementor-top-section elementor-element elementor-element-2ebe107f elementor-section-boxed elementor-section-height-default elementor-section-height-default\" data-id=\"2ebe107f\" data-element_type=\"section\" data-e-type=\"section\">\n\t\t\t\t\t\t<div class=\"elementor-container elementor-column-gap-default\">\n\t\t\t\t\t<div class=\"elementor-column elementor-col-100 elementor-top-column elementor-element elementor-element-c4b18de\" data-id=\"c4b18de\" data-element_type=\"column\" data-e-type=\"column\">\n\t\t\t<div class=\"elementor-widget-wrap elementor-element-populated\">\n\t\t\t\t\t\t<div class=\"elementor-element elementor-element-50f4abf7 elementor-widget elementor-widget-html\" data-id=\"50f4abf7\" data-element_type=\"widget\" data-e-type=\"widget\" data-widget_type=\"html.default\">\n\t\t\t\t<div class=\"elementor-widget-container\">\n\t\t\t\t\t<div><script src=\"https:\/\/www.traktorpool.de\/scripts\/frontend\/hhp\/sis.js\" data-homepage=\"kopfagrar\" type=\"text\/javascript\">\r\n<\/script>\r\n<div style=\"text-align: center\"><a href=\"https:\/\/www.traktorpool.de\">www.traktorpool.de<\/a><\/div>\r\n<\/div>\r\n\t\t\t\t<\/div>\n\t\t\t\t<\/div>\n\t\t\t\t\t<\/div>\n\t\t<\/div>\n\t\t\t\t\t<\/div>\n\t\t<\/section>\n\t\t\t\t<\/div>","protected":false},"excerpt":{"rendered":"<p>Gebrauchtmaschinen Unsere Angebote Unsere Gebrauchtmaschinen im \u00dcberblick www.traktorpool.de<\/p>","protected":false},"author":1,"featured_media":0,"parent":0,"menu_order":0,"comment_status":"closed","ping_status":"closed","template":"","meta":{"site-sidebar-layout":"no-sidebar","site-content-layout":"page-builder","ast-global-header-display":"","ast-main-header-display":"","ast-hfb-above-header-display":"","ast-hfb-below-header-display":"","ast-hfb-mobile-header-display":"","site-post-title":"disabled","ast-breadcrumbs-content":"","ast-featured-img":"disabled","footer-sml-layout":"","theme-transparent-header-meta":"enabled","adv-header-id-meta":"","stick-header-meta":"","header-above-stick-meta":"","header-main-stick-meta":"","header-below-stick-meta":"","footnotes":""},"class_list":["post-1320","page","type-page","status-publish","hentry"],"yoast_head":"<!-- This site is optimized with the Yoast SEO plugin v27.1.1 - https:\/\/yoast.com\/product\/yoast-seo-wordpress\/ -->\n<title>Gebrauchtmaschinen f\u00fcr alle Branchen entdecken - Kopf Landmaschinen<\/title>\n<meta name=\"description\" content=\"Entdecken Sie unsere Angebote f\u00fcr Gebrauchtmaschinen und finden Sie die besten Preise f\u00fcr hochwertige Maschinen.\" \/>\n<meta name=\"robots\" content=\"index, follow, max-snippet:-1, max-image-preview:large, max-video-preview:-1\" \/>\n<link rel=\"canonical\" href=\"https:\/\/kopf-landmaschinen.com\/en\/gebrauchtmaschinen\/\" \/>\n<meta property=\"og:locale\" content=\"en_US\" \/>\n<meta property=\"og:type\" content=\"article\" \/>\n<meta property=\"og:title\" content=\"Gebrauchtmaschinen f\u00fcr alle Branchen entdecken - Kopf Landmaschinen\" \/>\n<meta property=\"og:description\" content=\"Entdecken Sie unsere Angebote f\u00fcr Gebrauchtmaschinen und finden Sie die besten Preise f\u00fcr hochwertige Maschinen.\" \/>\n<meta property=\"og:url\" content=\"https:\/\/kopf-landmaschinen.com\/en\/gebrauchtmaschinen\/\" \/>\n<meta property=\"og:site_name\" content=\"Kopf Landmaschinen\" \/>\n<meta property=\"article:publisher\" content=\"https:\/\/www.facebook.com\/agrarserviceKOPFlandmaschinen\/?locale=de_DE\" \/>\n<meta property=\"article:modified_time\" content=\"2026-03-03T15:46:46+00:00\" \/>\n<meta property=\"og:image\" content=\"https:\/\/s.w.org\/images\/core\/emoji\/17.0.2\/svg\/1f69c.svg\" \/>\n<meta name=\"twitter:card\" content=\"summary_large_image\" \/>\n<meta name=\"twitter:label1\" content=\"Est. reading time\" \/>\n\t<meta name=\"twitter:data1\" content=\"1 minute\" \/>\n<script type=\"application\/ld+json\" class=\"yoast-schema-graph\">{\"@context\":\"https:\/\/schema.org\",\"@graph\":[{\"@type\":\"WebPage\",\"@id\":\"https:\/\/kopf-landmaschinen.com\/gebrauchtmaschinen\",\"url\":\"https:\/\/kopf-landmaschinen.com\/gebrauchtmaschinen\",\"name\":\"Gebrauchtmaschinen f\u00fcr alle Branchen entdecken - Kopf Landmaschinen\",\"isPartOf\":{\"@id\":\"https:\/\/kopf-landmaschinen.com\/#website\"},\"primaryImageOfPage\":{\"@id\":\"https:\/\/kopf-landmaschinen.com\/gebrauchtmaschinen#primaryimage\"},\"image\":{\"@id\":\"https:\/\/kopf-landmaschinen.com\/gebrauchtmaschinen#primaryimage\"},\"thumbnailUrl\":\"https:\/\/s.w.org\/images\/core\/emoji\/17.0.2\/svg\/1f69c.svg\",\"datePublished\":\"2021-11-21T15:14:41+00:00\",\"dateModified\":\"2026-03-03T15:46:46+00:00\",\"description\":\"Entdecken Sie unsere Angebote f\u00fcr Gebrauchtmaschinen und finden Sie die besten Preise f\u00fcr hochwertige Maschinen.\",\"breadcrumb\":{\"@id\":\"https:\/\/kopf-landmaschinen.com\/gebrauchtmaschinen#breadcrumb\"},\"inLanguage\":\"en-US\",\"potentialAction\":[{\"@type\":\"ReadAction\",\"target\":[\"https:\/\/kopf-landmaschinen.com\/gebrauchtmaschinen\"]}]},{\"@type\":\"ImageObject\",\"inLanguage\":\"en-US\",\"@id\":\"https:\/\/kopf-landmaschinen.com\/gebrauchtmaschinen#primaryimage\",\"url\":\"https:\/\/s.w.org\/images\/core\/emoji\/17.0.2\/svg\/1f69c.svg\",\"contentUrl\":\"https:\/\/s.w.org\/images\/core\/emoji\/17.0.2\/svg\/1f69c.svg\"},{\"@type\":\"BreadcrumbList\",\"@id\":\"https:\/\/kopf-landmaschinen.com\/gebrauchtmaschinen#breadcrumb\",\"itemListElement\":[{\"@type\":\"ListItem\",\"position\":1,\"name\":\"Start\",\"item\":\"https:\/\/kopf-landmaschinen.com\/\"},{\"@type\":\"ListItem\",\"position\":2,\"name\":\"Gebrauchtmaschinen\"}]},{\"@type\":\"WebSite\",\"@id\":\"https:\/\/kopf-landmaschinen.com\/#website\",\"url\":\"https:\/\/kopf-landmaschinen.com\/\",\"name\":\"Kopf Landmaschinen\",\"description\":\"Unser Familienunternehmen\",\"publisher\":{\"@id\":\"https:\/\/kopf-landmaschinen.com\/#organization\"},\"potentialAction\":[{\"@type\":\"SearchAction\",\"target\":{\"@type\":\"EntryPoint\",\"urlTemplate\":\"https:\/\/kopf-landmaschinen.com\/?s={search_term_string}\"},\"query-input\":{\"@type\":\"PropertyValueSpecification\",\"valueRequired\":true,\"valueName\":\"search_term_string\"}}],\"inLanguage\":\"en-US\"},{\"@type\":\"Organization\",\"@id\":\"https:\/\/kopf-landmaschinen.com\/#organization\",\"name\":\"Kopf Landmaschinen\",\"url\":\"https:\/\/kopf-landmaschinen.com\/\",\"logo\":{\"@type\":\"ImageObject\",\"inLanguage\":\"en-US\",\"@id\":\"https:\/\/kopf-landmaschinen.com\/#\/schema\/logo\/image\/\",\"url\":\"https:\/\/kopf-landmaschinen.com\/wp-content\/uploads\/2022\/11\/Kopf_Logo_mit_Reifenabdruck_V1-removebg-preview.png\",\"contentUrl\":\"https:\/\/kopf-landmaschinen.com\/wp-content\/uploads\/2022\/11\/Kopf_Logo_mit_Reifenabdruck_V1-removebg-preview.png\",\"width\":660,\"height\":378,\"caption\":\"Kopf Landmaschinen\"},\"image\":{\"@id\":\"https:\/\/kopf-landmaschinen.com\/#\/schema\/logo\/image\/\"},\"sameAs\":[\"https:\/\/www.facebook.com\/agrarserviceKOPFlandmaschinen\/?locale=de_DE\"]}]}<\/script>\n<!-- \/ Yoast SEO plugin. -->","yoast_head_json":{"title":"Gebrauchtmaschinen f\u00fcr alle Branchen entdecken - Kopf Landmaschinen","description":"Entdecken Sie unsere Angebote f\u00fcr Gebrauchtmaschinen und finden Sie die besten Preise f\u00fcr hochwertige Maschinen.","robots":{"index":"index","follow":"follow","max-snippet":"max-snippet:-1","max-image-preview":"max-image-preview:large","max-video-preview":"max-video-preview:-1"},"canonical":"https:\/\/kopf-landmaschinen.com\/en\/gebrauchtmaschinen\/","og_locale":"en_US","og_type":"article","og_title":"Gebrauchtmaschinen f\u00fcr alle Branchen entdecken - Kopf Landmaschinen","og_description":"Entdecken Sie unsere Angebote f\u00fcr Gebrauchtmaschinen und finden Sie die besten Preise f\u00fcr hochwertige Maschinen.","og_url":"https:\/\/kopf-landmaschinen.com\/en\/gebrauchtmaschinen\/","og_site_name":"Kopf Landmaschinen","article_publisher":"https:\/\/www.facebook.com\/agrarserviceKOPFlandmaschinen\/?locale=de_DE","article_modified_time":"2026-03-03T15:46:46+00:00","og_image":[{"url":"https:\/\/s.w.org\/images\/core\/emoji\/17.0.2\/svg\/1f69c.svg","type":"","width":"","height":""}],"twitter_card":"summary_large_image","twitter_misc":{"Est. reading time":"1 minute"},"schema":{"@context":"https:\/\/schema.org","@graph":[{"@type":"WebPage","@id":"https:\/\/kopf-landmaschinen.com\/gebrauchtmaschinen","url":"https:\/\/kopf-landmaschinen.com\/gebrauchtmaschinen","name":"Gebrauchtmaschinen f\u00fcr alle Branchen entdecken - Kopf Landmaschinen","isPartOf":{"@id":"https:\/\/kopf-landmaschinen.com\/#website"},"primaryImageOfPage":{"@id":"https:\/\/kopf-landmaschinen.com\/gebrauchtmaschinen#primaryimage"},"image":{"@id":"https:\/\/kopf-landmaschinen.com\/gebrauchtmaschinen#primaryimage"},"thumbnailUrl":"https:\/\/s.w.org\/images\/core\/emoji\/17.0.2\/svg\/1f69c.svg","datePublished":"2021-11-21T15:14:41+00:00","dateModified":"2026-03-03T15:46:46+00:00","description":"Entdecken Sie unsere Angebote f\u00fcr Gebrauchtmaschinen und finden Sie die besten Preise f\u00fcr hochwertige Maschinen.","breadcrumb":{"@id":"https:\/\/kopf-landmaschinen.com\/gebrauchtmaschinen#breadcrumb"},"inLanguage":"en-US","potentialAction":[{"@type":"ReadAction","target":["https:\/\/kopf-landmaschinen.com\/gebrauchtmaschinen"]}]},{"@type":"ImageObject","inLanguage":"en-US","@id":"https:\/\/kopf-landmaschinen.com\/gebrauchtmaschinen#primaryimage","url":"https:\/\/s.w.org\/images\/core\/emoji\/17.0.2\/svg\/1f69c.svg","contentUrl":"https:\/\/s.w.org\/images\/core\/emoji\/17.0.2\/svg\/1f69c.svg"},{"@type":"BreadcrumbList","@id":"https:\/\/kopf-landmaschinen.com\/gebrauchtmaschinen#breadcrumb","itemListElement":[{"@type":"ListItem","position":1,"name":"Start","item":"https:\/\/kopf-landmaschinen.com\/"},{"@type":"ListItem","position":2,"name":"Gebrauchtmaschinen"}]},{"@type":"WebSite","@id":"https:\/\/kopf-landmaschinen.com\/#website","url":"https:\/\/kopf-landmaschinen.com\/","name":"Kopf Landmaschinen","description":"Unser Familienunternehmen","publisher":{"@id":"https:\/\/kopf-landmaschinen.com\/#organization"},"potentialAction":[{"@type":"SearchAction","target":{"@type":"EntryPoint","urlTemplate":"https:\/\/kopf-landmaschinen.com\/?s={search_term_string}"},"query-input":{"@type":"PropertyValueSpecification","valueRequired":true,"valueName":"search_term_string"}}],"inLanguage":"en-US"},{"@type":"Organization","@id":"https:\/\/kopf-landmaschinen.com\/#organization","name":"Kopf Landmaschinen","url":"https:\/\/kopf-landmaschinen.com\/","logo":{"@type":"ImageObject","inLanguage":"en-US","@id":"https:\/\/kopf-landmaschinen.com\/#\/schema\/logo\/image\/","url":"https:\/\/kopf-landmaschinen.com\/wp-content\/uploads\/2022\/11\/Kopf_Logo_mit_Reifenabdruck_V1-removebg-preview.png","contentUrl":"https:\/\/kopf-landmaschinen.com\/wp-content\/uploads\/2022\/11\/Kopf_Logo_mit_Reifenabdruck_V1-removebg-preview.png","width":660,"height":378,"caption":"Kopf Landmaschinen"},"image":{"@id":"https:\/\/kopf-landmaschinen.com\/#\/schema\/logo\/image\/"},"sameAs":["https:\/\/www.facebook.com\/agrarserviceKOPFlandmaschinen\/?locale=de_DE"]}]}},"_links":{"self":[{"href":"https:\/\/kopf-landmaschinen.com\/en\/wp-json\/wp\/v2\/pages\/1320","targetHints":{"allow":["GET"]}}],"collection":[{"href":"https:\/\/kopf-landmaschinen.com\/en\/wp-json\/wp\/v2\/pages"}],"about":[{"href":"https:\/\/kopf-landmaschinen.com\/en\/wp-json\/wp\/v2\/types\/page"}],"author":[{"embeddable":true,"href":"https:\/\/kopf-landmaschinen.com\/en\/wp-json\/wp\/v2\/users\/1"}],"replies":[{"embeddable":true,"href":"https:\/\/kopf-landmaschinen.com\/en\/wp-json\/wp\/v2\/comments?post=1320"}],"version-history":[{"count":17,"href":"https:\/\/kopf-landmaschinen.com\/en\/wp-json\/wp\/v2\/pages\/1320\/revisions"}],"predecessor-version":[{"id":1715,"href":"https:\/\/kopf-landmaschinen.com\/en\/wp-json\/wp\/v2\/pages\/1320\/revisions\/1715"}],"wp:attachment":[{"href":"https:\/\/kopf-landmaschinen.com\/en\/wp-json\/wp\/v2\/media?parent=1320"}],"curies":[{"name":"wp","href":"https:\/\/api.w.org\/{rel}","templated":true}]}}