{"id":1397,"date":"2022-11-23T16:55:55","date_gmt":"2022-11-23T16:55:55","guid":{"rendered":"https:\/\/kopf-landmaschinen.com\/?page_id=1397"},"modified":"2026-03-03T15:47:46","modified_gmt":"2026-03-03T15:47:46","slug":"export","status":"publish","type":"page","link":"https:\/\/kopf-landmaschinen.com\/en\/export","title":{"rendered":"Export"},"content":{"rendered":"<div data-elementor-type=\"wp-page\" data-elementor-id=\"1397\" class=\"elementor elementor-1397\">\n\t\t\t\t\t\t<section class=\"elementor-section elementor-top-section elementor-element elementor-element-6e09a252 elementor-section-boxed elementor-section-height-default elementor-section-height-default\" data-id=\"6e09a252\" data-element_type=\"section\" data-e-type=\"section\" data-settings=\"{&quot;background_background&quot;:&quot;classic&quot;}\">\n\t\t\t\t\t\t\t<div class=\"elementor-background-overlay\"><\/div>\n\t\t\t\t\t\t\t<div class=\"elementor-container elementor-column-gap-default\">\n\t\t\t\t\t<div class=\"elementor-column elementor-col-100 elementor-top-column elementor-element elementor-element-4ab7f228\" data-id=\"4ab7f228\" data-element_type=\"column\" data-e-type=\"column\">\n\t\t\t<div class=\"elementor-widget-wrap elementor-element-populated\">\n\t\t\t\t\t\t<div class=\"elementor-element elementor-element-71c41961 elementor-widget elementor-widget-heading\" data-id=\"71c41961\" data-element_type=\"widget\" data-e-type=\"widget\" data-widget_type=\"heading.default\">\n\t\t\t\t<div class=\"elementor-widget-container\">\n\t\t\t\t\t<h2 class=\"elementor-heading-title elementor-size-default\">Export<\/h2>\t\t\t\t<\/div>\n\t\t\t\t<\/div>\n\t\t\t\t\t<\/div>\n\t\t<\/div>\n\t\t\t\t\t<\/div>\n\t\t<\/section>\n\t\t\t\t<section class=\"elementor-section elementor-top-section elementor-element elementor-element-63946d4e elementor-section-boxed elementor-section-height-default elementor-section-height-default\" data-id=\"63946d4e\" data-element_type=\"section\" data-e-type=\"section\">\n\t\t\t\t\t\t<div class=\"elementor-container elementor-column-gap-default\">\n\t\t\t\t\t<div class=\"elementor-column elementor-col-100 elementor-top-column elementor-element elementor-element-50ad1f3d\" data-id=\"50ad1f3d\" data-element_type=\"column\" data-e-type=\"column\">\n\t\t\t<div class=\"elementor-widget-wrap elementor-element-populated\">\n\t\t\t\t\t\t<div class=\"elementor-element elementor-element-3c7cabda elementor-widget elementor-widget-spacer\" data-id=\"3c7cabda\" data-element_type=\"widget\" data-e-type=\"widget\" data-widget_type=\"spacer.default\">\n\t\t\t\t<div class=\"elementor-widget-container\">\n\t\t\t\t\t\t\t<div class=\"elementor-spacer\">\n\t\t\t<div class=\"elementor-spacer-inner\"><\/div>\n\t\t<\/div>\n\t\t\t\t\t\t<\/div>\n\t\t\t\t<\/div>\n\t\t\t\t<div class=\"elementor-element elementor-element-db2dfb9 elementor-widget elementor-widget-heading\" data-id=\"db2dfb9\" data-element_type=\"widget\" data-e-type=\"widget\" data-widget_type=\"heading.default\">\n\t\t\t\t<div class=\"elementor-widget-container\">\n\t\t\t\t\t<h2 class=\"elementor-heading-title elementor-size-default\">Our many years of export experience<\/h2>\t\t\t\t<\/div>\n\t\t\t\t<\/div>\n\t\t\t\t<div class=\"elementor-element elementor-element-791975c elementor-widget elementor-widget-spacer\" data-id=\"791975c\" data-element_type=\"widget\" data-e-type=\"widget\" data-widget_type=\"spacer.default\">\n\t\t\t\t<div class=\"elementor-widget-container\">\n\t\t\t\t\t\t\t<div class=\"elementor-spacer\">\n\t\t\t<div class=\"elementor-spacer-inner\"><\/div>\n\t\t<\/div>\n\t\t\t\t\t\t<\/div>\n\t\t\t\t<\/div>\n\t\t\t\t<div class=\"elementor-element elementor-element-38d5cdcb elementor-widget elementor-widget-html\" data-id=\"38d5cdcb\" data-element_type=\"widget\" data-e-type=\"widget\" data-widget_type=\"html.default\">\n\t\t\t\t<div class=\"elementor-widget-container\">\n\t\t\t\t\t<div class=\"map_wrapper\" id=\"map_wrapper_1668\">\n<div class=\"map_box\" style=\"max-width:2000px\">\n<div class=\"map_aspect_ratio\" style=\"padding-top:56%\" data-padding-top=\"56%\" data-padding-top-mobile=\"0%\">\n<div class=\"map_container\">\n<div class=\"map_render map_loading\" id=\"map_1668\"><\/div>\n<\/div>\n<\/div>\n<\/div>\n<\/div>\t\t\t\t<\/div>\n\t\t\t\t<\/div>\n\t\t\t\t<div class=\"elementor-element elementor-element-7b21c40d elementor-widget elementor-widget-spacer\" data-id=\"7b21c40d\" data-element_type=\"widget\" data-e-type=\"widget\" data-widget_type=\"spacer.default\">\n\t\t\t\t<div class=\"elementor-widget-container\">\n\t\t\t\t\t\t\t<div class=\"elementor-spacer\">\n\t\t\t<div class=\"elementor-spacer-inner\"><\/div>\n\t\t<\/div>\n\t\t\t\t\t\t<\/div>\n\t\t\t\t<\/div>\n\t\t\t\t\t<\/div>\n\t\t<\/div>\n\t\t\t\t\t<\/div>\n\t\t<\/section>\n\t\t\t\t<\/div>","protected":false},"excerpt":{"rendered":"<p>Export Unsere langj\u00e4hrige Exporterfahrung<\/p>","protected":false},"author":1,"featured_media":0,"parent":0,"menu_order":0,"comment_status":"closed","ping_status":"closed","template":"","meta":{"site-sidebar-layout":"no-sidebar","site-content-layout":"page-builder","ast-global-header-display":"","ast-main-header-display":"","ast-hfb-above-header-display":"","ast-hfb-below-header-display":"","ast-hfb-mobile-header-display":"","site-post-title":"disabled","ast-breadcrumbs-content":"","ast-featured-img":"disabled","footer-sml-layout":"","theme-transparent-header-meta":"enabled","adv-header-id-meta":"","stick-header-meta":"","header-above-stick-meta":"","header-main-stick-meta":"","header-below-stick-meta":"","footnotes":""},"class_list":["post-1397","page","type-page","status-publish","hentry"],"yoast_head":"<!-- This site is optimized with the Yoast SEO plugin v27.1.1 - https:\/\/yoast.com\/product\/yoast-seo-wordpress\/ -->\n<title>Exportl\u00e4nder von Kopf Landmaschinen im \u00dcberblick - Kopf Landmaschinen<\/title>\n<meta name=\"description\" content=\"Informieren Sie sich \u00fcber die Exportl\u00e4nder von Kopf Landmaschinen und deren Rolle im internationalen Handel.\" \/>\n<meta name=\"robots\" content=\"index, follow, max-snippet:-1, max-image-preview:large, max-video-preview:-1\" \/>\n<link rel=\"canonical\" href=\"https:\/\/kopf-landmaschinen.com\/en\/export\/\" \/>\n<meta property=\"og:locale\" content=\"en_US\" \/>\n<meta property=\"og:type\" content=\"article\" \/>\n<meta property=\"og:title\" content=\"Exportl\u00e4nder von Kopf Landmaschinen im \u00dcberblick - Kopf Landmaschinen\" \/>\n<meta property=\"og:description\" content=\"Informieren Sie sich \u00fcber die Exportl\u00e4nder von Kopf Landmaschinen und deren Rolle im internationalen Handel.\" \/>\n<meta property=\"og:url\" content=\"https:\/\/kopf-landmaschinen.com\/en\/export\/\" \/>\n<meta property=\"og:site_name\" content=\"Kopf Landmaschinen\" \/>\n<meta property=\"article:publisher\" content=\"https:\/\/www.facebook.com\/agrarserviceKOPFlandmaschinen\/?locale=de_DE\" \/>\n<meta property=\"article:modified_time\" content=\"2026-03-03T15:47:46+00:00\" \/>\n<meta name=\"twitter:card\" content=\"summary_large_image\" \/>\n<meta name=\"twitter:label1\" content=\"Est. reading time\" \/>\n\t<meta name=\"twitter:data1\" content=\"1 minute\" \/>\n<script type=\"application\/ld+json\" class=\"yoast-schema-graph\">{\"@context\":\"https:\/\/schema.org\",\"@graph\":[{\"@type\":\"WebPage\",\"@id\":\"https:\/\/kopf-landmaschinen.com\/export\",\"url\":\"https:\/\/kopf-landmaschinen.com\/export\",\"name\":\"Exportl\u00e4nder von Kopf Landmaschinen im \u00dcberblick - Kopf Landmaschinen\",\"isPartOf\":{\"@id\":\"https:\/\/kopf-landmaschinen.com\/#website\"},\"datePublished\":\"2022-11-23T16:55:55+00:00\",\"dateModified\":\"2026-03-03T15:47:46+00:00\",\"description\":\"Informieren Sie sich \u00fcber die Exportl\u00e4nder von Kopf Landmaschinen und deren Rolle im internationalen Handel.\",\"breadcrumb\":{\"@id\":\"https:\/\/kopf-landmaschinen.com\/export#breadcrumb\"},\"inLanguage\":\"en-US\",\"potentialAction\":[{\"@type\":\"ReadAction\",\"target\":[\"https:\/\/kopf-landmaschinen.com\/export\"]}]},{\"@type\":\"BreadcrumbList\",\"@id\":\"https:\/\/kopf-landmaschinen.com\/export#breadcrumb\",\"itemListElement\":[{\"@type\":\"ListItem\",\"position\":1,\"name\":\"Start\",\"item\":\"https:\/\/kopf-landmaschinen.com\/\"},{\"@type\":\"ListItem\",\"position\":2,\"name\":\"Export\"}]},{\"@type\":\"WebSite\",\"@id\":\"https:\/\/kopf-landmaschinen.com\/#website\",\"url\":\"https:\/\/kopf-landmaschinen.com\/\",\"name\":\"Kopf Landmaschinen\",\"description\":\"Unser Familienunternehmen\",\"publisher\":{\"@id\":\"https:\/\/kopf-landmaschinen.com\/#organization\"},\"potentialAction\":[{\"@type\":\"SearchAction\",\"target\":{\"@type\":\"EntryPoint\",\"urlTemplate\":\"https:\/\/kopf-landmaschinen.com\/?s={search_term_string}\"},\"query-input\":{\"@type\":\"PropertyValueSpecification\",\"valueRequired\":true,\"valueName\":\"search_term_string\"}}],\"inLanguage\":\"en-US\"},{\"@type\":\"Organization\",\"@id\":\"https:\/\/kopf-landmaschinen.com\/#organization\",\"name\":\"Kopf Landmaschinen\",\"url\":\"https:\/\/kopf-landmaschinen.com\/\",\"logo\":{\"@type\":\"ImageObject\",\"inLanguage\":\"en-US\",\"@id\":\"https:\/\/kopf-landmaschinen.com\/#\/schema\/logo\/image\/\",\"url\":\"https:\/\/kopf-landmaschinen.com\/wp-content\/uploads\/2022\/11\/Kopf_Logo_mit_Reifenabdruck_V1-removebg-preview.png\",\"contentUrl\":\"https:\/\/kopf-landmaschinen.com\/wp-content\/uploads\/2022\/11\/Kopf_Logo_mit_Reifenabdruck_V1-removebg-preview.png\",\"width\":660,\"height\":378,\"caption\":\"Kopf Landmaschinen\"},\"image\":{\"@id\":\"https:\/\/kopf-landmaschinen.com\/#\/schema\/logo\/image\/\"},\"sameAs\":[\"https:\/\/www.facebook.com\/agrarserviceKOPFlandmaschinen\/?locale=de_DE\"]}]}<\/script>\n<!-- \/ Yoast SEO plugin. -->","yoast_head_json":{"title":"Exportl\u00e4nder von Kopf Landmaschinen im \u00dcberblick - Kopf Landmaschinen","description":"Informieren Sie sich \u00fcber die Exportl\u00e4nder von Kopf Landmaschinen und deren Rolle im internationalen Handel.","robots":{"index":"index","follow":"follow","max-snippet":"max-snippet:-1","max-image-preview":"max-image-preview:large","max-video-preview":"max-video-preview:-1"},"canonical":"https:\/\/kopf-landmaschinen.com\/en\/export\/","og_locale":"en_US","og_type":"article","og_title":"Exportl\u00e4nder von Kopf Landmaschinen im \u00dcberblick - Kopf Landmaschinen","og_description":"Informieren Sie sich \u00fcber die Exportl\u00e4nder von Kopf Landmaschinen und deren Rolle im internationalen Handel.","og_url":"https:\/\/kopf-landmaschinen.com\/en\/export\/","og_site_name":"Kopf Landmaschinen","article_publisher":"https:\/\/www.facebook.com\/agrarserviceKOPFlandmaschinen\/?locale=de_DE","article_modified_time":"2026-03-03T15:47:46+00:00","twitter_card":"summary_large_image","twitter_misc":{"Est. reading time":"1 minute"},"schema":{"@context":"https:\/\/schema.org","@graph":[{"@type":"WebPage","@id":"https:\/\/kopf-landmaschinen.com\/export","url":"https:\/\/kopf-landmaschinen.com\/export","name":"Exportl\u00e4nder von Kopf Landmaschinen im \u00dcberblick - Kopf Landmaschinen","isPartOf":{"@id":"https:\/\/kopf-landmaschinen.com\/#website"},"datePublished":"2022-11-23T16:55:55+00:00","dateModified":"2026-03-03T15:47:46+00:00","description":"Informieren Sie sich \u00fcber die Exportl\u00e4nder von Kopf Landmaschinen und deren Rolle im internationalen Handel.","breadcrumb":{"@id":"https:\/\/kopf-landmaschinen.com\/export#breadcrumb"},"inLanguage":"en-US","potentialAction":[{"@type":"ReadAction","target":["https:\/\/kopf-landmaschinen.com\/export"]}]},{"@type":"BreadcrumbList","@id":"https:\/\/kopf-landmaschinen.com\/export#breadcrumb","itemListElement":[{"@type":"ListItem","position":1,"name":"Start","item":"https:\/\/kopf-landmaschinen.com\/"},{"@type":"ListItem","position":2,"name":"Export"}]},{"@type":"WebSite","@id":"https:\/\/kopf-landmaschinen.com\/#website","url":"https:\/\/kopf-landmaschinen.com\/","name":"Kopf Landmaschinen","description":"Unser Familienunternehmen","publisher":{"@id":"https:\/\/kopf-landmaschinen.com\/#organization"},"potentialAction":[{"@type":"SearchAction","target":{"@type":"EntryPoint","urlTemplate":"https:\/\/kopf-landmaschinen.com\/?s={search_term_string}"},"query-input":{"@type":"PropertyValueSpecification","valueRequired":true,"valueName":"search_term_string"}}],"inLanguage":"en-US"},{"@type":"Organization","@id":"https:\/\/kopf-landmaschinen.com\/#organization","name":"Kopf Landmaschinen","url":"https:\/\/kopf-landmaschinen.com\/","logo":{"@type":"ImageObject","inLanguage":"en-US","@id":"https:\/\/kopf-landmaschinen.com\/#\/schema\/logo\/image\/","url":"https:\/\/kopf-landmaschinen.com\/wp-content\/uploads\/2022\/11\/Kopf_Logo_mit_Reifenabdruck_V1-removebg-preview.png","contentUrl":"https:\/\/kopf-landmaschinen.com\/wp-content\/uploads\/2022\/11\/Kopf_Logo_mit_Reifenabdruck_V1-removebg-preview.png","width":660,"height":378,"caption":"Kopf Landmaschinen"},"image":{"@id":"https:\/\/kopf-landmaschinen.com\/#\/schema\/logo\/image\/"},"sameAs":["https:\/\/www.facebook.com\/agrarserviceKOPFlandmaschinen\/?locale=de_DE"]}]}},"_links":{"self":[{"href":"https:\/\/kopf-landmaschinen.com\/en\/wp-json\/wp\/v2\/pages\/1397","targetHints":{"allow":["GET"]}}],"collection":[{"href":"https:\/\/kopf-landmaschinen.com\/en\/wp-json\/wp\/v2\/pages"}],"about":[{"href":"https:\/\/kopf-landmaschinen.com\/en\/wp-json\/wp\/v2\/types\/page"}],"author":[{"embeddable":true,"href":"https:\/\/kopf-landmaschinen.com\/en\/wp-json\/wp\/v2\/users\/1"}],"replies":[{"embeddable":true,"href":"https:\/\/kopf-landmaschinen.com\/en\/wp-json\/wp\/v2\/comments?post=1397"}],"version-history":[{"count":16,"href":"https:\/\/kopf-landmaschinen.com\/en\/wp-json\/wp\/v2\/pages\/1397\/revisions"}],"predecessor-version":[{"id":1718,"href":"https:\/\/kopf-landmaschinen.com\/en\/wp-json\/wp\/v2\/pages\/1397\/revisions\/1718"}],"wp:attachment":[{"href":"https:\/\/kopf-landmaschinen.com\/en\/wp-json\/wp\/v2\/media?parent=1397"}],"curies":[{"name":"wp","href":"https:\/\/api.w.org\/{rel}","templated":true}]}}