{"id":1495,"date":"2023-06-22T08:03:11","date_gmt":"2023-06-22T08:03:11","guid":{"rendered":"https:\/\/kopf-landmaschinen.com\/?page_id=1495"},"modified":"2026-03-03T15:45:13","modified_gmt":"2026-03-03T15:45:13","slug":"news","status":"publish","type":"page","link":"https:\/\/kopf-landmaschinen.com\/en\/news","title":{"rendered":"News"},"content":{"rendered":"<div data-elementor-type=\"wp-page\" data-elementor-id=\"1495\" class=\"elementor elementor-1495\">\n\t\t\t\t\t\t<section class=\"elementor-section elementor-top-section elementor-element elementor-element-5b4d3d77 elementor-section-boxed elementor-section-height-default elementor-section-height-default\" data-id=\"5b4d3d77\" data-element_type=\"section\" data-e-type=\"section\" data-settings=\"{&quot;background_background&quot;:&quot;classic&quot;}\">\n\t\t\t\t\t\t\t<div class=\"elementor-background-overlay\"><\/div>\n\t\t\t\t\t\t\t<div class=\"elementor-container elementor-column-gap-default\">\n\t\t\t\t\t<div class=\"elementor-column elementor-col-100 elementor-top-column elementor-element elementor-element-17a98bb1\" data-id=\"17a98bb1\" data-element_type=\"column\" data-e-type=\"column\">\n\t\t\t<div class=\"elementor-widget-wrap elementor-element-populated\">\n\t\t\t\t\t\t<div class=\"elementor-element elementor-element-41332b20 elementor-widget elementor-widget-heading\" data-id=\"41332b20\" data-element_type=\"widget\" data-e-type=\"widget\" data-widget_type=\"heading.default\">\n\t\t\t\t<div class=\"elementor-widget-container\">\n\t\t\t\t\t<h2 class=\"elementor-heading-title elementor-size-default\">News<\/h2>\t\t\t\t<\/div>\n\t\t\t\t<\/div>\n\t\t\t\t\t<\/div>\n\t\t<\/div>\n\t\t\t\t\t<\/div>\n\t\t<\/section>\n\t\t\t\t<section class=\"elementor-section elementor-top-section elementor-element elementor-element-436d0605 elementor-section-boxed elementor-section-height-default elementor-section-height-default\" data-id=\"436d0605\" data-element_type=\"section\" data-e-type=\"section\">\n\t\t\t\t\t\t<div class=\"elementor-container elementor-column-gap-default\">\n\t\t\t\t\t<div class=\"elementor-column elementor-col-100 elementor-top-column elementor-element elementor-element-57694da4\" data-id=\"57694da4\" data-element_type=\"column\" data-e-type=\"column\">\n\t\t\t<div class=\"elementor-widget-wrap elementor-element-populated\">\n\t\t\t\t\t\t<div class=\"elementor-element elementor-element-fff4c7b elementor-widget elementor-widget-spacer\" data-id=\"fff4c7b\" data-element_type=\"widget\" data-e-type=\"widget\" data-widget_type=\"spacer.default\">\n\t\t\t\t<div class=\"elementor-widget-container\">\n\t\t\t\t\t\t\t<div class=\"elementor-spacer\">\n\t\t\t<div class=\"elementor-spacer-inner\"><\/div>\n\t\t<\/div>\n\t\t\t\t\t\t<\/div>\n\t\t\t\t<\/div>\n\t\t\t\t\t<\/div>\n\t\t<\/div>\n\t\t\t\t\t<\/div>\n\t\t<\/section>\n\t\t\t\t<section class=\"elementor-section elementor-top-section elementor-element elementor-element-2ebe107f elementor-section-boxed elementor-section-height-default elementor-section-height-default\" data-id=\"2ebe107f\" data-element_type=\"section\" data-e-type=\"section\">\n\t\t\t\t\t\t<div class=\"elementor-container elementor-column-gap-default\">\n\t\t\t\t\t<div class=\"elementor-column elementor-col-100 elementor-top-column elementor-element elementor-element-c4b18de\" data-id=\"c4b18de\" data-element_type=\"column\" data-e-type=\"column\">\n\t\t\t<div class=\"elementor-widget-wrap elementor-element-populated\">\n\t\t\t\t\t\t<div class=\"elementor-element elementor-element-6081a95 elementor-widget elementor-widget-text-editor\" data-id=\"6081a95\" data-element_type=\"widget\" data-e-type=\"widget\" data-widget_type=\"text-editor.default\">\n\t\t\t\t<div class=\"elementor-widget-container\">\n\t\t\t\t\t\t\t\t\t<p><div class=\"bdpp-wrap bdpp-lite bdpp-post-grid-wrap bdpp-post-data-wrap bdpp-design-1 bdpp-grid-3  bdpp-clearfix\" id=\"bdpp-post-grid-1\">\r\n\t<div class=\"bdpp-post-grid-inr-wrap bdpp-post-data-inr-wrap bdpp-clearfix\"><div class=\"bdpp-post-grid bdpp-col-3 bdpp-columns bdpp-post-1506 bdpp-post-standard bdpp-first bdpp-has-thumb\">\r\n\t<div class=\"bdpp-post-grid-content\">\r\n\t\t\t\t<div class=\"bdpp-post-img-bg\">\r\n\t\t\t<a href=\"https:\/\/kopf-landmaschinen.com\/en\/messer-schleifen-mit-claas-nonstop-messerschleifgeraet\">\r\n\t\t\t\t<img decoding=\"async\" src=\"https:\/\/kopf-landmaschinen.com\/wp-content\/uploads\/2022\/11\/e0e3b9c4-ec79-46a7-8ed8-feb5498d5d83.jpg\" class=\"bdpp-img bdpp-post-feat-img\" alt=\"Wichtige \u00c4nderung MwSt. f\u00fcr pauschalierende Landwirte\" \/>\r\n\t\t\t\t\t\t\t<\/a>\r\n\t\t<\/div>\r\n\t\t\t\t<div class=\"bdpp-post-cats\"><a class=\"bdpp-post-cat-link bdpp-post-cat-10 bdpp-post-cat-news\" href=\"https:\/\/kopf-landmaschinen.com\/en\/category\/news\">News<\/a> <a class=\"bdpp-post-cat-link bdpp-post-cat-1 bdpp-post-cat-uncategorized\" href=\"https:\/\/kopf-landmaschinen.com\/en\/category\/uncategorized\">Uncategorized<\/a><\/div>\r\n\t\t\r\n\t\t<h2 class=\"bdpp-post-title\">\r\n\t\t\t<a href=\"https:\/\/kopf-landmaschinen.com\/en\/messer-schleifen-mit-claas-nonstop-messerschleifgeraet\">Wichtige \u00c4nderung MwSt. f\u00fcr pauschalierende Landwirte<\/a>\r\n\t\t<\/h2>\r\n\r\n\t\t\t\t<div class=\"bdpp-post-meta bdpp-post-meta-up\">\r\n\t\t\t<span class=\"bdpp-post-meta-data bdpp-post-author\"><i class=\"fa fa-user\"><\/i>LWI<\/span><span class=\"bdpp-post-meta-sep\"> &ndash; <\/span><span class=\"bdpp-post-meta-data bdpp-post-date\"><i class=\"fa fa-clock-o\"><\/i>June 22, 2023<\/span>\t\t<\/div>\r\n\t\t\t\t<div class=\"bdpp-post-content\">\r\n\t\t\t<div class=\"bdpp-post-desc\">\ufe0f Wichtige \u00c4nderung zur MwSt. f\u00fcr pauschalierende Landwirte ab 01.07.2026 \u00a0 Ab dem 01.07.2026 tritt eine wichtige \u00c4nderung f\u00fcr pauschalierende&#8230;<\/div>\r\n\t\t\t\t\t\t<a href=\"https:\/\/kopf-landmaschinen.com\/en\/messer-schleifen-mit-claas-nonstop-messerschleifgeraet\" class=\"bdpp-rdmr-btn\">Read More<\/a>\r\n\t\t\t\t\t<\/div>\r\n\t\t\t<\/div>\r\n<\/div>\t<\/div>\r\n\t<\/div><\/p>\t\t\t\t\t\t\t\t<\/div>\n\t\t\t\t<\/div>\n\t\t\t\t\t<\/div>\n\t\t<\/div>\n\t\t\t\t\t<\/div>\n\t\t<\/section>\n\t\t\t\t<\/div>","protected":false},"excerpt":{"rendered":"<p>News<\/p>","protected":false},"author":1,"featured_media":0,"parent":0,"menu_order":0,"comment_status":"closed","ping_status":"closed","template":"","meta":{"site-sidebar-layout":"no-sidebar","site-content-layout":"page-builder","ast-global-header-display":"","ast-main-header-display":"","ast-hfb-above-header-display":"","ast-hfb-below-header-display":"","ast-hfb-mobile-header-display":"","site-post-title":"disabled","ast-breadcrumbs-content":"","ast-featured-img":"disabled","footer-sml-layout":"","theme-transparent-header-meta":"enabled","adv-header-id-meta":"","stick-header-meta":"","header-above-stick-meta":"","header-main-stick-meta":"","header-below-stick-meta":"","footnotes":""},"class_list":["post-1495","page","type-page","status-publish","hentry"],"yoast_head":"<!-- This site is optimized with the Yoast SEO plugin v27.1.1 - https:\/\/yoast.com\/product\/yoast-seo-wordpress\/ -->\n<title>Kopf Landmaschinen Neuigkeiten<\/title>\n<meta name=\"description\" content=\"Erfahren Sie die neuesten K\u00f6pfe \u00fcber Landmaschinen News und das Schleifen von Messern mit CLAAS NonStop Ausr\u00fcstung.\" \/>\n<meta name=\"robots\" content=\"index, follow, max-snippet:-1, max-image-preview:large, max-video-preview:-1\" \/>\n<link rel=\"canonical\" href=\"https:\/\/kopf-landmaschinen.com\/en\/news\/\" \/>\n<meta property=\"og:locale\" content=\"en_US\" \/>\n<meta property=\"og:type\" content=\"article\" \/>\n<meta property=\"og:title\" content=\"Kopf Landmaschinen Neuigkeiten\" \/>\n<meta property=\"og:description\" content=\"Erfahren Sie die neuesten K\u00f6pfe \u00fcber Landmaschinen News und das Schleifen von Messern mit CLAAS NonStop Ausr\u00fcstung.\" \/>\n<meta property=\"og:url\" content=\"https:\/\/kopf-landmaschinen.com\/en\/news\/\" \/>\n<meta property=\"og:site_name\" content=\"Kopf Landmaschinen\" \/>\n<meta property=\"article:publisher\" content=\"https:\/\/www.facebook.com\/agrarserviceKOPFlandmaschinen\/?locale=de_DE\" \/>\n<meta property=\"article:modified_time\" content=\"2026-03-03T15:45:13+00:00\" \/>\n<meta name=\"twitter:card\" content=\"summary_large_image\" \/>\n<meta name=\"twitter:label1\" content=\"Est. reading time\" \/>\n\t<meta name=\"twitter:data1\" content=\"1 minute\" \/>\n<script type=\"application\/ld+json\" class=\"yoast-schema-graph\">{\"@context\":\"https:\/\/schema.org\",\"@graph\":[{\"@type\":\"WebPage\",\"@id\":\"https:\/\/kopf-landmaschinen.com\/news\",\"url\":\"https:\/\/kopf-landmaschinen.com\/news\",\"name\":\"Kopf Landmaschinen Neuigkeiten\",\"isPartOf\":{\"@id\":\"https:\/\/kopf-landmaschinen.com\/#website\"},\"datePublished\":\"2023-06-22T08:03:11+00:00\",\"dateModified\":\"2026-03-03T15:45:13+00:00\",\"description\":\"Erfahren Sie die neuesten K\u00f6pfe \u00fcber Landmaschinen News und das Schleifen von Messern mit CLAAS NonStop Ausr\u00fcstung.\",\"breadcrumb\":{\"@id\":\"https:\/\/kopf-landmaschinen.com\/news#breadcrumb\"},\"inLanguage\":\"en-US\",\"potentialAction\":[{\"@type\":\"ReadAction\",\"target\":[\"https:\/\/kopf-landmaschinen.com\/news\"]}]},{\"@type\":\"BreadcrumbList\",\"@id\":\"https:\/\/kopf-landmaschinen.com\/news#breadcrumb\",\"itemListElement\":[{\"@type\":\"ListItem\",\"position\":1,\"name\":\"Start\",\"item\":\"https:\/\/kopf-landmaschinen.com\/\"},{\"@type\":\"ListItem\",\"position\":2,\"name\":\"News\"}]},{\"@type\":\"WebSite\",\"@id\":\"https:\/\/kopf-landmaschinen.com\/#website\",\"url\":\"https:\/\/kopf-landmaschinen.com\/\",\"name\":\"Kopf Landmaschinen\",\"description\":\"Unser Familienunternehmen\",\"publisher\":{\"@id\":\"https:\/\/kopf-landmaschinen.com\/#organization\"},\"potentialAction\":[{\"@type\":\"SearchAction\",\"target\":{\"@type\":\"EntryPoint\",\"urlTemplate\":\"https:\/\/kopf-landmaschinen.com\/?s={search_term_string}\"},\"query-input\":{\"@type\":\"PropertyValueSpecification\",\"valueRequired\":true,\"valueName\":\"search_term_string\"}}],\"inLanguage\":\"en-US\"},{\"@type\":\"Organization\",\"@id\":\"https:\/\/kopf-landmaschinen.com\/#organization\",\"name\":\"Kopf Landmaschinen\",\"url\":\"https:\/\/kopf-landmaschinen.com\/\",\"logo\":{\"@type\":\"ImageObject\",\"inLanguage\":\"en-US\",\"@id\":\"https:\/\/kopf-landmaschinen.com\/#\/schema\/logo\/image\/\",\"url\":\"https:\/\/kopf-landmaschinen.com\/wp-content\/uploads\/2022\/11\/Kopf_Logo_mit_Reifenabdruck_V1-removebg-preview.png\",\"contentUrl\":\"https:\/\/kopf-landmaschinen.com\/wp-content\/uploads\/2022\/11\/Kopf_Logo_mit_Reifenabdruck_V1-removebg-preview.png\",\"width\":660,\"height\":378,\"caption\":\"Kopf Landmaschinen\"},\"image\":{\"@id\":\"https:\/\/kopf-landmaschinen.com\/#\/schema\/logo\/image\/\"},\"sameAs\":[\"https:\/\/www.facebook.com\/agrarserviceKOPFlandmaschinen\/?locale=de_DE\"]}]}<\/script>\n<!-- \/ Yoast SEO plugin. -->","yoast_head_json":{"title":"Kopf Landmaschinen Neuigkeiten","description":"Erfahren Sie die neuesten K\u00f6pfe \u00fcber Landmaschinen News und das Schleifen von Messern mit CLAAS NonStop Ausr\u00fcstung.","robots":{"index":"index","follow":"follow","max-snippet":"max-snippet:-1","max-image-preview":"max-image-preview:large","max-video-preview":"max-video-preview:-1"},"canonical":"https:\/\/kopf-landmaschinen.com\/en\/news\/","og_locale":"en_US","og_type":"article","og_title":"Kopf Landmaschinen Neuigkeiten","og_description":"Erfahren Sie die neuesten K\u00f6pfe \u00fcber Landmaschinen News und das Schleifen von Messern mit CLAAS NonStop Ausr\u00fcstung.","og_url":"https:\/\/kopf-landmaschinen.com\/en\/news\/","og_site_name":"Kopf Landmaschinen","article_publisher":"https:\/\/www.facebook.com\/agrarserviceKOPFlandmaschinen\/?locale=de_DE","article_modified_time":"2026-03-03T15:45:13+00:00","twitter_card":"summary_large_image","twitter_misc":{"Est. reading time":"1 minute"},"schema":{"@context":"https:\/\/schema.org","@graph":[{"@type":"WebPage","@id":"https:\/\/kopf-landmaschinen.com\/news","url":"https:\/\/kopf-landmaschinen.com\/news","name":"Kopf Landmaschinen Neuigkeiten","isPartOf":{"@id":"https:\/\/kopf-landmaschinen.com\/#website"},"datePublished":"2023-06-22T08:03:11+00:00","dateModified":"2026-03-03T15:45:13+00:00","description":"Erfahren Sie die neuesten K\u00f6pfe \u00fcber Landmaschinen News und das Schleifen von Messern mit CLAAS NonStop Ausr\u00fcstung.","breadcrumb":{"@id":"https:\/\/kopf-landmaschinen.com\/news#breadcrumb"},"inLanguage":"en-US","potentialAction":[{"@type":"ReadAction","target":["https:\/\/kopf-landmaschinen.com\/news"]}]},{"@type":"BreadcrumbList","@id":"https:\/\/kopf-landmaschinen.com\/news#breadcrumb","itemListElement":[{"@type":"ListItem","position":1,"name":"Start","item":"https:\/\/kopf-landmaschinen.com\/"},{"@type":"ListItem","position":2,"name":"News"}]},{"@type":"WebSite","@id":"https:\/\/kopf-landmaschinen.com\/#website","url":"https:\/\/kopf-landmaschinen.com\/","name":"Kopf Landmaschinen","description":"Unser Familienunternehmen","publisher":{"@id":"https:\/\/kopf-landmaschinen.com\/#organization"},"potentialAction":[{"@type":"SearchAction","target":{"@type":"EntryPoint","urlTemplate":"https:\/\/kopf-landmaschinen.com\/?s={search_term_string}"},"query-input":{"@type":"PropertyValueSpecification","valueRequired":true,"valueName":"search_term_string"}}],"inLanguage":"en-US"},{"@type":"Organization","@id":"https:\/\/kopf-landmaschinen.com\/#organization","name":"Kopf Landmaschinen","url":"https:\/\/kopf-landmaschinen.com\/","logo":{"@type":"ImageObject","inLanguage":"en-US","@id":"https:\/\/kopf-landmaschinen.com\/#\/schema\/logo\/image\/","url":"https:\/\/kopf-landmaschinen.com\/wp-content\/uploads\/2022\/11\/Kopf_Logo_mit_Reifenabdruck_V1-removebg-preview.png","contentUrl":"https:\/\/kopf-landmaschinen.com\/wp-content\/uploads\/2022\/11\/Kopf_Logo_mit_Reifenabdruck_V1-removebg-preview.png","width":660,"height":378,"caption":"Kopf Landmaschinen"},"image":{"@id":"https:\/\/kopf-landmaschinen.com\/#\/schema\/logo\/image\/"},"sameAs":["https:\/\/www.facebook.com\/agrarserviceKOPFlandmaschinen\/?locale=de_DE"]}]}},"_links":{"self":[{"href":"https:\/\/kopf-landmaschinen.com\/en\/wp-json\/wp\/v2\/pages\/1495","targetHints":{"allow":["GET"]}}],"collection":[{"href":"https:\/\/kopf-landmaschinen.com\/en\/wp-json\/wp\/v2\/pages"}],"about":[{"href":"https:\/\/kopf-landmaschinen.com\/en\/wp-json\/wp\/v2\/types\/page"}],"author":[{"embeddable":true,"href":"https:\/\/kopf-landmaschinen.com\/en\/wp-json\/wp\/v2\/users\/1"}],"replies":[{"embeddable":true,"href":"https:\/\/kopf-landmaschinen.com\/en\/wp-json\/wp\/v2\/comments?post=1495"}],"version-history":[{"count":17,"href":"https:\/\/kopf-landmaschinen.com\/en\/wp-json\/wp\/v2\/pages\/1495\/revisions"}],"predecessor-version":[{"id":1744,"href":"https:\/\/kopf-landmaschinen.com\/en\/wp-json\/wp\/v2\/pages\/1495\/revisions\/1744"}],"wp:attachment":[{"href":"https:\/\/kopf-landmaschinen.com\/en\/wp-json\/wp\/v2\/media?parent=1495"}],"curies":[{"name":"wp","href":"https:\/\/api.w.org\/{rel}","templated":true}]}}